{"id":16,"date":"2023-10-09T17:49:08","date_gmt":"2023-10-09T17:49:08","guid":{"rendered":"https:\/\/velocita.waio-allstars.ro\/?page_id=16"},"modified":"2024-11-01T13:01:21","modified_gmt":"2024-11-01T13:01:21","slug":"affogato","status":"publish","type":"page","link":"https:\/\/velocita.waio-allstars.ro\/en\/affogato\/","title":{"rendered":"Affogato"},"content":{"rendered":"<div data-elementor-type=\"wp-page\" data-elementor-id=\"16\" class=\"elementor elementor-16\" data-elementor-post-type=\"page\">\n\t\t\t\t<div class=\"elementor-element elementor-element-4e9dcdc e-con-full e-flex e-con e-parent\" data-id=\"4e9dcdc\" data-element_type=\"container\">\n\t\t\t\t<div class=\"elementor-element elementor-element-5327f4c elementor-widget elementor-widget-image\" data-id=\"5327f4c\" data-element_type=\"widget\" data-widget_type=\"image.default\">\n\t\t\t\t<div class=\"elementor-widget-container\">\n\t\t\t\t\t\t\t\t\t\t\t\t\t\t\t<img fetchpriority=\"high\" decoding=\"async\" width=\"2560\" height=\"1027\" src=\"https:\/\/velocita.waio-allstars.ro\/wp-content\/uploads\/lessflux\/2023\/10\/velocita_panorama-scaled-1.webp\" loading=\"eager\" class=\"attachment-full size-full wp-image-241\" alt=\"\" >\t\t\t\t\t\t\t\t\t\t\t\t\t\t\t<\/div>\n\t\t\t\t<\/div>\n\t\t\t\t<\/div>\n\t\t<div class=\"elementor-element elementor-element-2c209c6 e-flex e-con-boxed e-con e-parent\" data-id=\"2c209c6\" data-element_type=\"container\">\n\t\t\t\t\t<div class=\"e-con-inner\">\n\t\t\t\t<div class=\"elementor-element elementor-element-2e9954d elementor-widget elementor-widget-image\" data-id=\"2e9954d\" data-element_type=\"widget\" data-widget_type=\"image.default\">\n\t\t\t\t<div class=\"elementor-widget-container\">\n\t\t\t\t\t\t\t\t\t\t\t\t\t\t\t<img decoding=\"async\" width=\"800\" height=\"577\" src=\"image\/gif;base64,R0lGODlhAQABAIAAAAAAAP\/\/\/ywAAAAAAQABAAACAUwAOw==\" class=\"attachment-large size-large wp-image-242 lazyload\" alt=\"\" data-src=\"https:\/\/velocita.waio-allstars.ro\/wp-content\/uploads\/2023\/10\/Velocita_affogato-1024x739.jpg\" data-srcset=\"https:\/\/velocita.waio-allstars.ro\/wp-content\/uploads\/2023\/10\/Velocita_affogato-1024x739.jpg 1024w, https:\/\/velocita.waio-allstars.ro\/wp-content\/uploads\/2023\/10\/Velocita_affogato-600x433.jpg 600w, https:\/\/velocita.waio-allstars.ro\/wp-content\/uploads\/2023\/10\/Velocita_affogato-300x216.jpg 300w, https:\/\/velocita.waio-allstars.ro\/wp-content\/uploads\/lessflux\/2023\/10\/Velocita_affogato-768x554.webp 768w, https:\/\/velocita.waio-allstars.ro\/wp-content\/uploads\/2023\/10\/Velocita_affogato.jpg 1446w\" data-sizes=\"(max-width: 800px) 100vw, 800px\" style=\"aspect-ratio:800\/577\" \/>\t\t\t\t\t\t\t\t\t\t\t\t\t\t\t<\/div>\n\t\t\t\t<\/div>\n\t\t\t\t<div class=\"elementor-element elementor-element-1a6743c elementor-widget elementor-widget-image\" data-id=\"1a6743c\" data-element_type=\"widget\" data-widget_type=\"image.default\">\n\t\t\t\t<div class=\"elementor-widget-container\">\n\t\t\t\t\t\t\t\t\t\t\t\t\t\t\t<img decoding=\"async\" width=\"560\" height=\"196\" src=\"image\/gif;base64,R0lGODlhAQABAIAAAAAAAP\/\/\/ywAAAAAAQABAAACAUwAOw==\" class=\"attachment-full size-full wp-image-243 lazyload\" alt=\"\" data-src=\"https:\/\/velocita.waio-allstars.ro\/wp-content\/uploads\/2023\/10\/affogato-info.svg\" style=\"aspect-ratio:560\/196\" \/>\t\t\t\t\t\t\t\t\t\t\t\t\t\t\t<\/div>\n\t\t\t\t<\/div>\n\t\t\t\t<div class=\"elementor-element elementor-element-00f39d7 elementor-widget elementor-widget-heading\" data-id=\"00f39d7\" data-element_type=\"widget\" data-widget_type=\"heading.default\">\n\t\t\t\t<div class=\"elementor-widget-container\">\n\t\t\t\t\t<h3 class=\"elementor-heading-title elementor-size-default\">30 Lei<\/h3>\t\t\t\t<\/div>\n\t\t\t\t<\/div>\n\t\t\t\t<div class=\"elementor-element elementor-element-54efb83 elementor-widget elementor-widget-text-editor\" data-id=\"54efb83\" data-element_type=\"widget\" data-widget_type=\"text-editor.default\">\n\t\t\t\t<div class=\"elementor-widget-container\">\n\t\t\t\t\t\t\t\t\t<p>180g<\/p>\t\t\t\t\t\t\t\t<\/div>\n\t\t\t\t<\/div>\n\t\t\t\t<div class=\"elementor-element elementor-element-8427270 elementor-widget elementor-widget-image\" data-id=\"8427270\" data-element_type=\"widget\" data-widget_type=\"image.default\">\n\t\t\t\t<div class=\"elementor-widget-container\">\n\t\t\t\t\t\t\t\t\t\t\t\t\t\t\t<img loading=\"lazy\" decoding=\"async\" width=\"690\" height=\"236\" src=\"image\/gif;base64,R0lGODlhAQABAIAAAAAAAP\/\/\/ywAAAAAAQABAAACAUwAOw==\" class=\"attachment-large size-large wp-image-3882 lazyload\" alt=\"\" data-src=\"https:\/\/velocita.waio-allstars.ro\/wp-content\/uploads\/lessflux\/2024\/01\/Affogato-Cuneo.webp\" style=\"aspect-ratio:690\/236\" \/>\t\t\t\t\t\t\t\t\t\t\t\t\t\t\t<\/div>\n\t\t\t\t<\/div>\n\t\t\t\t<div class=\"elementor-element elementor-element-416247e elementor-widget elementor-widget-heading\" data-id=\"416247e\" data-element_type=\"widget\" data-widget_type=\"heading.default\">\n\t\t\t\t<div class=\"elementor-widget-container\">\n\t\t\t\t\t<h3 class=\"elementor-heading-title elementor-size-default\">35 Lei<\/h3>\t\t\t\t<\/div>\n\t\t\t\t<\/div>\n\t\t\t\t<div class=\"elementor-element elementor-element-fbf63a6 elementor-widget elementor-widget-text-editor\" data-id=\"fbf63a6\" data-element_type=\"widget\" data-widget_type=\"text-editor.default\">\n\t\t\t\t<div class=\"elementor-widget-container\">\n\t\t\t\t\t\t\t\t\t<p>160g + 20ml Alcool<\/p>\t\t\t\t\t\t\t\t<\/div>\n\t\t\t\t<\/div>\n\t\t\t\t\t<\/div>\n\t\t\t\t<\/div>\n\t\t<div class=\"elementor-element elementor-element-77357a3 e-flex e-con-boxed e-con e-parent\" data-id=\"77357a3\" data-element_type=\"container\" data-settings=\"{&quot;background_background&quot;:&quot;classic&quot;}\">\n\t\t\t\t\t<div class=\"e-con-inner\">\n\t\t\t\t<div class=\"elementor-element elementor-element-f4108c7 elementor-widget elementor-widget-image\" data-id=\"f4108c7\" data-element_type=\"widget\" data-widget_type=\"image.default\">\n\t\t\t\t<div class=\"elementor-widget-container\">\n\t\t\t\t\t\t\t\t\t\t\t\t\t\t\t<img loading=\"lazy\" decoding=\"async\" width=\"397\" height=\"64\" src=\"image\/gif;base64,R0lGODlhAQABAIAAAAAAAP\/\/\/ywAAAAAAQABAAACAUwAOw==\" class=\"attachment-large size-large wp-image-944 lazyload\" alt=\"\" data-src=\"https:\/\/velocita.waio-allstars.ro\/wp-content\/uploads\/2023\/10\/Asset-8.svg\" style=\"aspect-ratio:397\/64\" \/>\t\t\t\t\t\t\t\t\t\t\t\t\t\t\t<\/div>\n\t\t\t\t<\/div>\n\t\t\t\t<div class=\"elementor-element elementor-element-518293a elementor-widget elementor-widget-heading\" data-id=\"518293a\" data-element_type=\"widget\" data-widget_type=\"heading.default\">\n\t\t\t\t<div class=\"elementor-widget-container\">\n\t\t\t\t\t<h2 class=\"elementor-heading-title elementor-size-default\">GELATO \/ AFFOGATO \/ CAFF\u00c8 \/ CIOCOLATTO<\/h2>\t\t\t\t<\/div>\n\t\t\t\t<\/div>\n\t\t\t\t<div class=\"elementor-element elementor-element-089d688 elementor-widget__width-initial elementor-widget elementor-widget-text-editor\" data-id=\"089d688\" data-element_type=\"widget\" data-widget_type=\"text-editor.default\">\n\t\t\t\t<div class=\"elementor-widget-container\">\n\t\t\t\t\t\t\t\t\t<p>Our passion for Italy is authentic, like all the delights we have in store. From gelato to prosecco and from chocolate to colomba. If we bring a product or ingredient to Velocit\u00e0, it means we have completely fallen in love with the taste. Italians know what\u2019s good. And now so do you.<\/p>\t\t\t\t\t\t\t\t<\/div>\n\t\t\t\t<\/div>\n\t\t\t\t\t<\/div>\n\t\t\t\t<\/div>\n\t\t\t\t<\/div>","protected":false},"excerpt":{"rendered":"<p>30 Lei 180g 35 Lei 160g + 20ml Alcool GELATO \/ AFFOGATO \/ CAFF\u00c8 \/ CIOCOLATTO Pasiunea noastr\u0103 pentru Italia e autentic\u0103, la fel ca toate deliciile pe care \u021bi le oferim. De la gelato la prosecco \u0219i de la ciocolat\u0103 la Colomba. Dac\u0103 aducem un produs sau un ingredient la Velocit\u00e0 \u00eenseamn\u0103 c\u0103 ne-am [&hellip;]<\/p>","protected":false},"author":5,"featured_media":0,"parent":0,"menu_order":0,"comment_status":"closed","ping_status":"closed","template":"elementor_header_footer","meta":{"_acf_changed":false,"footnotes":""},"class_list":["post-16","page","type-page","status-publish","hentry"],"acf":[],"_links":{"self":[{"href":"https:\/\/velocita.waio-allstars.ro\/en\/wp-json\/wp\/v2\/pages\/16","targetHints":{"allow":["GET"]}}],"collection":[{"href":"https:\/\/velocita.waio-allstars.ro\/en\/wp-json\/wp\/v2\/pages"}],"about":[{"href":"https:\/\/velocita.waio-allstars.ro\/en\/wp-json\/wp\/v2\/types\/page"}],"author":[{"embeddable":true,"href":"https:\/\/velocita.waio-allstars.ro\/en\/wp-json\/wp\/v2\/users\/5"}],"replies":[{"embeddable":true,"href":"https:\/\/velocita.waio-allstars.ro\/en\/wp-json\/wp\/v2\/comments?post=16"}],"version-history":[{"count":76,"href":"https:\/\/velocita.waio-allstars.ro\/en\/wp-json\/wp\/v2\/pages\/16\/revisions"}],"predecessor-version":[{"id":4864,"href":"https:\/\/velocita.waio-allstars.ro\/en\/wp-json\/wp\/v2\/pages\/16\/revisions\/4864"}],"wp:attachment":[{"href":"https:\/\/velocita.waio-allstars.ro\/en\/wp-json\/wp\/v2\/media?parent=16"}],"curies":[{"name":"wp","href":"https:\/\/api.w.org\/{rel}","templated":true}]}}