{"id":3012,"date":"2023-10-31T13:48:07","date_gmt":"2023-10-31T13:48:07","guid":{"rendered":"https:\/\/velocita.waio-allstars.ro\/?page_id=3012"},"modified":"2023-11-01T16:00:36","modified_gmt":"2023-11-01T16:00:36","slug":"politica-de-utilizare-cookie-uri","status":"publish","type":"page","link":"https:\/\/velocita.waio-allstars.ro\/en\/politica-de-utilizare-cookie-uri\/","title":{"rendered":"Politica de utilizare Cookie-uri"},"content":{"rendered":"<p>Deoarece asigurarea protec\u021biei dumneavoastr\u0103 \u00een ceea ce prive\u0219te prelucrarea datelor cu caracter personal este un obiectiv extrem de important pentru noi, am depus toate eforturile necesare pentru a respecta standardele stabilite de Regulamentul UE 2016\/679 (&#8222;Regulamentul&#8221;).<\/p><ol class=\"wp-block-list\" type=\"1\"><li><strong>Datele de identificare ale operatorului<\/strong><\/li><\/ol><p><strong>Datele noastre de contact<\/strong>. Adresa: Aleea Privighetorilor 82-84 , Sector 1, Bucure\u0219ti 014031; email: contact@velocita.ro, website: www.velocita.ro<\/p><ul class=\"wp-block-list\"><li><strong>Fi\u0219iere cookies<\/strong><\/li><\/ul><p><strong>Ce sunt fi\u0219ierele cookies?<\/strong><\/p><p>Acest site utilizeaz\u0103 a\u0219a-numitele &#8222;fi\u0219iere cookie&#8221;. Fi\u0219ierele cookie sunt mici fi\u0219iere text care sunt stocate \u00een memoria dispozitivului dvs. prin intermediul browser-ului dvs. Acestea stocheaz\u0103 anumite informa\u021bii (de exemplu, limba preferat\u0103 sau set\u0103rile site-ului web) pe care browserul ni le poate transmite \u00eenapoi (\u00een func\u021bie de durata de via\u021b\u0103 a fi\u0219ierului cookie) la urm\u0103toarea dvs. vizit\u0103 pe site-ul nostru web. <\/p><p><strong>Ce fi\u0219iere cookie folosim?<\/strong><\/p><div class=\"cky-audit-table-element\"><\/div><p><strong>Set\u0103ri cookie<\/strong><\/p><p>Majoritatea browserelor web v\u0103 permit s\u0103 controla\u021bi cookie-urile prin intermediul set\u0103rilor browserului. Pentru a afla mai multe despre utilizarea modulelor cookie, inclusiv despre cum s\u0103 vede\u021bi ce module cookie au fost instalate \u0219i cum s\u0103 le gestiona\u021bi \u0219i s\u0103 le \u0219terge\u021bi, v\u0103 rug\u0103m s\u0103 utiliza\u021bi urm\u0103toarele linkuri:<\/p><p><a href=\"https:\/\/support.google.com\/chrome\/answer\/95647\">Link c\u0103tre instruc\u021biunile de gestionare a modulelor cookie \u00een Chrome<\/a><\/p><p><a href=\"https:\/\/support.mozilla.org\/en-US\/kb\/enable-and-disable-cookies-website-preferences\">Link c\u0103tre instruc\u021biuni de gestionare a modulelor cookie \u00een Firefox<\/a><\/p><p><a href=\"https:\/\/support.apple.com\/guide\/safari\/manage-cookies-and-website-data-sfri11471\/mac\">Link c\u0103tre instruc\u021biuni de gestionare a modulelor cookie \u00een Safari<\/a><\/p><p><a href=\"https:\/\/support.microsoft.com\/en-us\/microsoft-edge\/delete-cookies-in-microsoft-edge-63947406-40ac-c3b8-57b9-2a946a29ae09\">Link c\u0103tre instruc\u021biune de gestionare a modulelor cookie \u00een Microsoft Edge<\/a><\/p><p>V\u0103 rug\u0103m s\u0103 re\u021bine\u021bi c\u0103 blocarea sau \u0219tergerea modulelor cookie poate afecta experien\u021ba dvs. pe site-ul Velocita \u0219i poate limita func\u021bionalitatea acestuia.<\/p>","protected":false},"excerpt":{"rendered":"<p>Deoarece asigurarea protec\u021biei dumneavoastr\u0103 \u00een ceea ce prive\u0219te prelucrarea datelor cu caracter personal este un obiectiv extrem de important pentru noi, am depus toate eforturile necesare pentru a respecta standardele stabilite de Regulamentul UE 2016\/679 (&#8222;Regulamentul&#8221;). Datele noastre de contact. Adresa: Aleea Privighetorilor 82-84 , Sector 1, Bucure\u0219ti 014031; email: contact@velocita.ro, website: www.velocita.ro Ce sunt [&hellip;]<\/p>","protected":false},"author":5,"featured_media":0,"parent":0,"menu_order":0,"comment_status":"closed","ping_status":"closed","template":"","meta":{"_acf_changed":false,"footnotes":""},"class_list":["post-3012","page","type-page","status-publish","hentry"],"acf":[],"_links":{"self":[{"href":"https:\/\/velocita.waio-allstars.ro\/en\/wp-json\/wp\/v2\/pages\/3012","targetHints":{"allow":["GET"]}}],"collection":[{"href":"https:\/\/velocita.waio-allstars.ro\/en\/wp-json\/wp\/v2\/pages"}],"about":[{"href":"https:\/\/velocita.waio-allstars.ro\/en\/wp-json\/wp\/v2\/types\/page"}],"author":[{"embeddable":true,"href":"https:\/\/velocita.waio-allstars.ro\/en\/wp-json\/wp\/v2\/users\/5"}],"replies":[{"embeddable":true,"href":"https:\/\/velocita.waio-allstars.ro\/en\/wp-json\/wp\/v2\/comments?post=3012"}],"version-history":[{"count":23,"href":"https:\/\/velocita.waio-allstars.ro\/en\/wp-json\/wp\/v2\/pages\/3012\/revisions"}],"predecessor-version":[{"id":3159,"href":"https:\/\/velocita.waio-allstars.ro\/en\/wp-json\/wp\/v2\/pages\/3012\/revisions\/3159"}],"wp:attachment":[{"href":"https:\/\/velocita.waio-allstars.ro\/en\/wp-json\/wp\/v2\/media?parent=3012"}],"curies":[{"name":"wp","href":"https:\/\/api.w.org\/{rel}","templated":true}]}}